{"id":358,"date":"2020-02-29T15:35:39","date_gmt":"2020-02-29T14:35:39","guid":{"rendered":"http:\/\/wendorff.dk\/?page_id=358"},"modified":"2026-03-16T13:04:01","modified_gmt":"2026-03-16T12:04:01","slug":"om-kagerne","status":"publish","type":"page","link":"https:\/\/wendorff.dk\/index.php\/om-kagerne\/","title":{"rendered":"Om kagerne"},"content":{"rendered":"\n<h2 class=\"wp-block-heading has-text-align-center\">Konditor<\/h2>\n\n\n<div class=\"wp-block-image\">\n<figure class=\"aligncenter size-large is-resized\"><img loading=\"lazy\" decoding=\"async\" width=\"1024\" height=\"1024\" src=\"https:\/\/wendorff.dk\/wp-content\/uploads\/2025\/06\/Fransk-Chokolade-2024-1024x1024.jpg\" alt=\"\" class=\"wp-image-1441\" style=\"width:910px;height:auto\" srcset=\"https:\/\/wendorff.dk\/wp-content\/uploads\/2025\/06\/Fransk-Chokolade-2024-1024x1024.jpg 1024w, https:\/\/wendorff.dk\/wp-content\/uploads\/2025\/06\/Fransk-Chokolade-2024-300x300.jpg 300w, https:\/\/wendorff.dk\/wp-content\/uploads\/2025\/06\/Fransk-Chokolade-2024-150x150.jpg 150w, https:\/\/wendorff.dk\/wp-content\/uploads\/2025\/06\/Fransk-Chokolade-2024-768x768.jpg 768w, https:\/\/wendorff.dk\/wp-content\/uploads\/2025\/06\/Fransk-Chokolade-2024-1536x1536.jpg 1536w, https:\/\/wendorff.dk\/wp-content\/uploads\/2025\/06\/Fransk-Chokolade-2024-2048x2048.jpg 2048w, https:\/\/wendorff.dk\/wp-content\/uploads\/2025\/06\/Fransk-Chokolade-2024-640x640.jpg 640w, https:\/\/wendorff.dk\/wp-content\/uploads\/2025\/06\/Fransk-Chokolade-2024-666x666.jpg 666w, https:\/\/wendorff.dk\/wp-content\/uploads\/2025\/06\/Fransk-Chokolade-2024-70x70.jpg 70w, https:\/\/wendorff.dk\/wp-content\/uploads\/2025\/06\/Fransk-Chokolade-2024-75x75.jpg 75w, https:\/\/wendorff.dk\/wp-content\/uploads\/2025\/06\/Fransk-Chokolade-2024-50x50.jpg 50w\" sizes=\"(max-width: 1024px) 100vw, 1024px\" \/><\/figure><\/div>\n\n\n<p><\/p>\n\n\n\n<p>Hos Wendorff finder du et udvalg af klassiske og kreative konditorkager, som er lavet med omtanke for b\u00e5de smag og udtryk. Vi l\u00e6gger stor v\u00e6gt p\u00e5 gode r\u00e5varer og h\u00e5ndv\u00e6rk, og vores konditorer arbejder hver dag p\u00e5 at skabe kager, der b\u00e5de ser indbydende ud og smager godt.<\/p>\n\n\n\n<p>I butikkerne har vi altid et varieret udvalg af sm\u00e5 konditorkager til \u00e9n person samt t\u00e6rter til 4\u20136 personer, som f\u00f8lger s\u00e6sonens r\u00e5varer og inspiration.<\/p>\n\n\n\n<p>N\u00e5r jordb\u00e6rs\u00e6sonen starter, laver vi vores popul\u00e6re jordb\u00e6rt\u00e6rte \u2013 med fynske jordb\u00e6r p\u00e5 en kransekagebund og vaniljecreme.<\/p>\n\n\n\n<p><\/p>\n\n\n\n<p><strong>Specialkager til livets store \u00f8jeblikke<\/strong><\/p>\n\n\n\n<p>Vi laver smukke og velsmagende kager til bryllup, barned\u00e5b, konfirmation og andre store begivenheder. Her er nogle af vores mest popul\u00e6re lagkager, som kan bestilles direkte i butikken senest 3 dage f\u00f8r afhentning:<\/p>\n\n\n\n<ul>\n<li>Othello-lagkage: Hvide lagkagebunde med hindb\u00e6rmarmelade, fl\u00f8decreme og makroner \u2013 marcipankant.<\/li>\n\n\n\n<li>Speciallagkage med chokolade og hindb\u00e6rmousse<\/li>\n\n\n\n<li>Speciallagkage med nougat og citronmousse<\/li>\n\n\n\n<li>Speciallagkage med passionsfrugtmousse og en hvid chokolade Sarah Bernhardt-creme<\/li>\n<\/ul>\n\n\n\n<p>V\u00e6lg mellem st\u00f8rrelser til 12\u201315 personer, 25 personer eller 50 personer.<\/p>\n\n\n\n<p>Skal I bestille en kage til jeres fest, hj\u00e6lper vores erfarne konditorteam naturligvis gerne med at udvikle en unik og personlig kageid\u00e9.<\/p>\n\n\n\n<p>Kontakt os for mere information : kontakt@wendorff.dk <\/p>\n\n\n\n<p><strong>Marcipan \u2013 vores egen opskrift<\/strong><\/p>\n\n\n\n<p>Vi har udviklet vores egen marcipanopskrift med fokus p\u00e5 h\u00f8j mandelandel.  Resultatet er en dybere og mere raffineret smag, som du kan smage i alt fra vores lagkager til kransekage.<\/p>\n\n\n\n<p>Marcipanen laves udelukkende med Valencia-mandler fra Spanien, der bidrager til en intens og ren mandelsmag.<\/p>\n\n\n\n<p><strong>Chokolade \u2013 kun det bedste er godt nok<\/strong><\/p>\n\n\n\n<p>I vores konditori bruger vi udelukkende <strong>Valrhona chokolade<\/strong> \u2013 en af verdens mest anerkendte og b\u00e6redygtige chokoladeproducenter. Valrhona er kendt for sin komplekse smagsprofil, kompromisl\u00f8se kvalitet og ansvarlige produktion. Med Valrhona skaber vi chokoladekreationer med b\u00e5de smag og omtanke \u2013 for dig og for verden.<\/p>\n\n\n\n<p><br><\/p>\n\n\n\n<figure class=\"wp-block-gallery has-nested-images columns-default is-cropped wp-block-gallery-1 is-layout-flex wp-block-gallery-is-layout-flex\">\n<figure class=\"wp-block-image size-large\"><img loading=\"lazy\" decoding=\"async\" width=\"1024\" height=\"768\" data-id=\"1460\" src=\"https:\/\/wendorff.dk\/wp-content\/uploads\/2025\/06\/daab-2-1024x768.jpg\" alt=\"\" class=\"wp-image-1460\" srcset=\"https:\/\/wendorff.dk\/wp-content\/uploads\/2025\/06\/daab-2-1024x768.jpg 1024w, https:\/\/wendorff.dk\/wp-content\/uploads\/2025\/06\/daab-2-300x225.jpg 300w, https:\/\/wendorff.dk\/wp-content\/uploads\/2025\/06\/daab-2-768x576.jpg 768w, https:\/\/wendorff.dk\/wp-content\/uploads\/2025\/06\/daab-2-1536x1152.jpg 1536w, https:\/\/wendorff.dk\/wp-content\/uploads\/2025\/06\/daab-2-2048x1536.jpg 2048w\" sizes=\"(max-width: 1024px) 100vw, 1024px\" \/><\/figure>\n\n\n\n<figure class=\"wp-block-image size-large\"><img loading=\"lazy\" decoding=\"async\" width=\"768\" height=\"1024\" data-id=\"1461\" src=\"https:\/\/wendorff.dk\/wp-content\/uploads\/2025\/06\/jordbaertaerte-bryllup-1-768x1024.jpg\" alt=\"\" class=\"wp-image-1461\" srcset=\"https:\/\/wendorff.dk\/wp-content\/uploads\/2025\/06\/jordbaertaerte-bryllup-1-768x1024.jpg 768w, https:\/\/wendorff.dk\/wp-content\/uploads\/2025\/06\/jordbaertaerte-bryllup-1-225x300.jpg 225w, https:\/\/wendorff.dk\/wp-content\/uploads\/2025\/06\/jordbaertaerte-bryllup-1-1152x1536.jpg 1152w, https:\/\/wendorff.dk\/wp-content\/uploads\/2025\/06\/jordbaertaerte-bryllup-1-1536x2048.jpg 1536w, https:\/\/wendorff.dk\/wp-content\/uploads\/2025\/06\/jordbaertaerte-bryllup-1-scaled.jpg 1920w\" sizes=\"(max-width: 768px) 100vw, 768px\" \/><\/figure>\n\n\n\n<figure class=\"wp-block-image size-large\"><img loading=\"lazy\" decoding=\"async\" width=\"711\" height=\"1024\" data-id=\"1462\" src=\"https:\/\/wendorff.dk\/wp-content\/uploads\/2025\/06\/IMG_5951-711x1024.jpg\" alt=\"\" class=\"wp-image-1462\" srcset=\"https:\/\/wendorff.dk\/wp-content\/uploads\/2025\/06\/IMG_5951-711x1024.jpg 711w, https:\/\/wendorff.dk\/wp-content\/uploads\/2025\/06\/IMG_5951-208x300.jpg 208w, https:\/\/wendorff.dk\/wp-content\/uploads\/2025\/06\/IMG_5951-768x1106.jpg 768w, https:\/\/wendorff.dk\/wp-content\/uploads\/2025\/06\/IMG_5951-1067x1536.jpg 1067w, https:\/\/wendorff.dk\/wp-content\/uploads\/2025\/06\/IMG_5951-1423x2048.jpg 1423w, https:\/\/wendorff.dk\/wp-content\/uploads\/2025\/06\/IMG_5951-scaled.jpg 1778w\" sizes=\"(max-width: 711px) 100vw, 711px\" \/><\/figure>\n\n\n\n<figure class=\"wp-block-image size-large\"><img loading=\"lazy\" decoding=\"async\" width=\"1024\" height=\"683\" data-id=\"1464\" src=\"https:\/\/wendorff.dk\/wp-content\/uploads\/2025\/06\/studenterhuer-2020-1024x683.jpg\" alt=\"\" class=\"wp-image-1464\" srcset=\"https:\/\/wendorff.dk\/wp-content\/uploads\/2025\/06\/studenterhuer-2020-1024x683.jpg 1024w, https:\/\/wendorff.dk\/wp-content\/uploads\/2025\/06\/studenterhuer-2020-300x200.jpg 300w, https:\/\/wendorff.dk\/wp-content\/uploads\/2025\/06\/studenterhuer-2020-768x512.jpg 768w, https:\/\/wendorff.dk\/wp-content\/uploads\/2025\/06\/studenterhuer-2020-1536x1024.jpg 1536w, https:\/\/wendorff.dk\/wp-content\/uploads\/2025\/06\/studenterhuer-2020-2048x1365.jpg 2048w, https:\/\/wendorff.dk\/wp-content\/uploads\/2025\/06\/studenterhuer-2020-666x444.jpg 666w\" sizes=\"(max-width: 1024px) 100vw, 1024px\" \/><\/figure>\n\n\n\n<figure class=\"wp-block-image size-large\"><img loading=\"lazy\" decoding=\"async\" width=\"1024\" height=\"1011\" data-id=\"1465\" src=\"https:\/\/wendorff.dk\/wp-content\/uploads\/2025\/06\/Sommer-tour-1024x1011.jpg\" alt=\"\" class=\"wp-image-1465\" srcset=\"https:\/\/wendorff.dk\/wp-content\/uploads\/2025\/06\/Sommer-tour-1024x1011.jpg 1024w, https:\/\/wendorff.dk\/wp-content\/uploads\/2025\/06\/Sommer-tour-300x296.jpg 300w, https:\/\/wendorff.dk\/wp-content\/uploads\/2025\/06\/Sommer-tour-768x758.jpg 768w, https:\/\/wendorff.dk\/wp-content\/uploads\/2025\/06\/Sommer-tour-70x70.jpg 70w, https:\/\/wendorff.dk\/wp-content\/uploads\/2025\/06\/Sommer-tour-75x75.jpg 75w, https:\/\/wendorff.dk\/wp-content\/uploads\/2025\/06\/Sommer-tour-50x50.jpg 50w, https:\/\/wendorff.dk\/wp-content\/uploads\/2025\/06\/Sommer-tour.jpg 1242w\" sizes=\"(max-width: 1024px) 100vw, 1024px\" \/><\/figure>\n\n\n\n<figure class=\"wp-block-image size-large\"><img loading=\"lazy\" decoding=\"async\" width=\"768\" height=\"1024\" data-id=\"1466\" src=\"https:\/\/wendorff.dk\/wp-content\/uploads\/2025\/06\/h7-768x1024.jpg\" alt=\"\" class=\"wp-image-1466\" srcset=\"https:\/\/wendorff.dk\/wp-content\/uploads\/2025\/06\/h7-768x1024.jpg 768w, https:\/\/wendorff.dk\/wp-content\/uploads\/2025\/06\/h7-225x300.jpg 225w, https:\/\/wendorff.dk\/wp-content\/uploads\/2025\/06\/h7-1152x1536.jpg 1152w, https:\/\/wendorff.dk\/wp-content\/uploads\/2025\/06\/h7-1536x2048.jpg 1536w, https:\/\/wendorff.dk\/wp-content\/uploads\/2025\/06\/h7-scaled.jpg 1920w\" sizes=\"(max-width: 768px) 100vw, 768px\" \/><\/figure>\n\n\n\n<figure class=\"wp-block-image size-large\"><img loading=\"lazy\" decoding=\"async\" width=\"473\" height=\"1024\" data-id=\"1470\" src=\"https:\/\/wendorff.dk\/wp-content\/uploads\/2025\/06\/h10-473x1024.jpeg\" alt=\"\" class=\"wp-image-1470\" srcset=\"https:\/\/wendorff.dk\/wp-content\/uploads\/2025\/06\/h10-473x1024.jpeg 473w, https:\/\/wendorff.dk\/wp-content\/uploads\/2025\/06\/h10-139x300.jpeg 139w, https:\/\/wendorff.dk\/wp-content\/uploads\/2025\/06\/h10-768x1662.jpeg 768w, https:\/\/wendorff.dk\/wp-content\/uploads\/2025\/06\/h10-710x1536.jpeg 710w, https:\/\/wendorff.dk\/wp-content\/uploads\/2025\/06\/h10.jpeg 828w\" sizes=\"(max-width: 473px) 100vw, 473px\" \/><figcaption class=\"wp-element-caption\">Screenshot<\/figcaption><\/figure>\n\n\n\n<figure class=\"wp-block-image size-large\"><img loading=\"lazy\" decoding=\"async\" width=\"608\" height=\"1024\" data-id=\"1471\" src=\"https:\/\/wendorff.dk\/wp-content\/uploads\/2025\/06\/Billede1-608x1024.jpg\" alt=\"\" class=\"wp-image-1471\" srcset=\"https:\/\/wendorff.dk\/wp-content\/uploads\/2025\/06\/Billede1-608x1024.jpg 608w, https:\/\/wendorff.dk\/wp-content\/uploads\/2025\/06\/Billede1-178x300.jpg 178w, https:\/\/wendorff.dk\/wp-content\/uploads\/2025\/06\/Billede1-768x1294.jpg 768w, https:\/\/wendorff.dk\/wp-content\/uploads\/2025\/06\/Billede1-912x1536.jpg 912w, https:\/\/wendorff.dk\/wp-content\/uploads\/2025\/06\/Billede1.jpg 979w\" sizes=\"(max-width: 608px) 100vw, 608px\" \/><\/figure>\n\n\n\n<figure class=\"wp-block-image size-large\"><img loading=\"lazy\" decoding=\"async\" width=\"768\" height=\"1024\" data-id=\"1472\" src=\"https:\/\/wendorff.dk\/wp-content\/uploads\/2025\/06\/Billede4-768x1024.jpg\" alt=\"\" class=\"wp-image-1472\" srcset=\"https:\/\/wendorff.dk\/wp-content\/uploads\/2025\/06\/Billede4-768x1024.jpg 768w, https:\/\/wendorff.dk\/wp-content\/uploads\/2025\/06\/Billede4-225x300.jpg 225w, https:\/\/wendorff.dk\/wp-content\/uploads\/2025\/06\/Billede4-1152x1536.jpg 1152w, https:\/\/wendorff.dk\/wp-content\/uploads\/2025\/06\/Billede4.jpg 1177w\" sizes=\"(max-width: 768px) 100vw, 768px\" \/><\/figure>\n\n\n\n<figure class=\"wp-block-image size-large\"><img loading=\"lazy\" decoding=\"async\" width=\"769\" height=\"1024\" data-id=\"1473\" src=\"https:\/\/wendorff.dk\/wp-content\/uploads\/2025\/06\/Billede2-769x1024.jpg\" alt=\"\" class=\"wp-image-1473\" srcset=\"https:\/\/wendorff.dk\/wp-content\/uploads\/2025\/06\/Billede2-769x1024.jpg 769w, https:\/\/wendorff.dk\/wp-content\/uploads\/2025\/06\/Billede2-225x300.jpg 225w, https:\/\/wendorff.dk\/wp-content\/uploads\/2025\/06\/Billede2-768x1023.jpg 768w, https:\/\/wendorff.dk\/wp-content\/uploads\/2025\/06\/Billede2.jpg 1137w\" sizes=\"(max-width: 769px) 100vw, 769px\" \/><\/figure>\n\n\n\n<figure class=\"wp-block-image size-large\"><img loading=\"lazy\" decoding=\"async\" width=\"768\" height=\"1024\" data-id=\"1474\" src=\"https:\/\/wendorff.dk\/wp-content\/uploads\/2025\/06\/Billede6-768x1024.jpg\" alt=\"\" class=\"wp-image-1474\" srcset=\"https:\/\/wendorff.dk\/wp-content\/uploads\/2025\/06\/Billede6-768x1024.jpg 768w, https:\/\/wendorff.dk\/wp-content\/uploads\/2025\/06\/Billede6-225x300.jpg 225w, https:\/\/wendorff.dk\/wp-content\/uploads\/2025\/06\/Billede6-1152x1536.jpg 1152w, https:\/\/wendorff.dk\/wp-content\/uploads\/2025\/06\/Billede6.jpg 1173w\" sizes=\"(max-width: 768px) 100vw, 768px\" \/><\/figure>\n\n\n\n<figure class=\"wp-block-image size-large\"><img loading=\"lazy\" decoding=\"async\" width=\"768\" height=\"1024\" data-id=\"1476\" src=\"https:\/\/wendorff.dk\/wp-content\/uploads\/2025\/06\/Billede5-768x1024.jpg\" alt=\"\" class=\"wp-image-1476\" srcset=\"https:\/\/wendorff.dk\/wp-content\/uploads\/2025\/06\/Billede5-768x1024.jpg 768w, https:\/\/wendorff.dk\/wp-content\/uploads\/2025\/06\/Billede5-225x300.jpg 225w, https:\/\/wendorff.dk\/wp-content\/uploads\/2025\/06\/Billede5-1152x1536.jpg 1152w, https:\/\/wendorff.dk\/wp-content\/uploads\/2025\/06\/Billede5.jpg 1374w\" sizes=\"(max-width: 768px) 100vw, 768px\" \/><\/figure>\n<\/figure>\n","protected":false},"excerpt":{"rendered":"<p>Konditor Hos Wendorff finder du et udvalg af klassiske og<span class=\"more-button\"><a href=\"https:\/\/wendorff.dk\/index.php\/om-kagerne\/\" class=\"more-link\">L\u00e6s mere<span class=\"screen-reader-text\">Om kagerne<\/span><\/a><\/span><\/p>\n","protected":false},"author":1,"featured_media":0,"parent":0,"menu_order":0,"comment_status":"closed","ping_status":"closed","template":"","meta":{"footnotes":""},"_links":{"self":[{"href":"https:\/\/wendorff.dk\/index.php\/wp-json\/wp\/v2\/pages\/358"}],"collection":[{"href":"https:\/\/wendorff.dk\/index.php\/wp-json\/wp\/v2\/pages"}],"about":[{"href":"https:\/\/wendorff.dk\/index.php\/wp-json\/wp\/v2\/types\/page"}],"author":[{"embeddable":true,"href":"https:\/\/wendorff.dk\/index.php\/wp-json\/wp\/v2\/users\/1"}],"replies":[{"embeddable":true,"href":"https:\/\/wendorff.dk\/index.php\/wp-json\/wp\/v2\/comments?post=358"}],"version-history":[{"count":20,"href":"https:\/\/wendorff.dk\/index.php\/wp-json\/wp\/v2\/pages\/358\/revisions"}],"predecessor-version":[{"id":1558,"href":"https:\/\/wendorff.dk\/index.php\/wp-json\/wp\/v2\/pages\/358\/revisions\/1558"}],"wp:attachment":[{"href":"https:\/\/wendorff.dk\/index.php\/wp-json\/wp\/v2\/media?parent=358"}],"curies":[{"name":"wp","href":"https:\/\/api.w.org\/{rel}","templated":true}]}}